{"id":8031,"date":"2022-03-17T12:44:36","date_gmt":"2022-03-17T12:44:36","guid":{"rendered":"https:\/\/staging-arc.liquid-themes.com\/modern-blocks\/?page_id=7"},"modified":"2023-08-28T08:52:15","modified_gmt":"2023-08-28T08:52:15","slug":"homepage-2","status":"publish","type":"page","link":"https:\/\/empire.com.tr\/","title":{"rendered":"Homepage"},"content":{"rendered":"\t\t<div data-elementor-type=\"wp-page\" data-elementor-id=\"8031\" class=\"elementor elementor-8031\">\n\t\t\t\t\t\t\t\t\t<section class=\"elementor-section elementor-top-section elementor-element elementor-element-e303a91 elementor-section-full_width elementor-section-height-min-height elementor-section-height-default elementor-section-items-middle\" data-id=\"e303a91\" data-element_type=\"section\">\n\t\t\t\t\t\t<div class=\"elementor-container elementor-column-gap-no\">\n\t\t\t\t\t<div class=\"elementor-column elementor-col-100 elementor-top-column elementor-element elementor-element-c97a71b\" data-id=\"c97a71b\" data-element_type=\"column\">\n\t\t\t<div class=\"elementor-widget-wrap elementor-element-populated\">\n\t\t\t\t\t\t\t\t<div class=\"elementor-element elementor-element-631a689 elementor-widget elementor-widget-ld_animated_frame\" data-id=\"631a689\" data-element_type=\"widget\" data-widget_type=\"ld_animated_frame.default\">\n\t\t\t\t<div class=\"elementor-widget-container\">\n\t\t\t\t\t<div class=\"lqd-af w-100 h-vh-100 pos-rel overflow-hidden\" data-liquid-animatedframes=\"true\"  data-af-options='{\"scrollable\":true,\"forceDisablingWindowScroll\":true}'>\n\t\t\t<div class=\"lqd-af-slides lqd-overlay\">\n\n\t\t\t\t\t\t\t\n\t\t\t\t<div class=\"lqd-af-slide d-flex flex-column align-items-center justify-content-center lqd-overlay overflow-hidden elementor-repeater-item-b16c3a2\">\n\t\t\n\t\t\t\t\t<div class=\"lqd-af-slide__img lqd-overlay overflow-hidden will-change-transform\">\n\t\t\t\t\t\t<div class=\"lqd-af-slide__img__inner w-100 h-100 overflow-hidden will-change-transform\">\n\t\t\t\t\t\t\t<figure class=\"w-100 h-100 overflow-hidden will-change-transform\"><img decoding=\"async\" class=\"w-100 h-100 objfit-cover objpos-center\" src=\"https:\/\/empire.com.tr\/wp-content\/uploads\/2023\/08\/65465.webp\" alt=\"EMPIRE \u0130STANBUL\" \/><span class=\"lqd-overlay\"><\/span><\/figure>\t\t\t\t\t\t\t<span class=\"lqd-overlay\"><\/span>\n\t\t\t\t\t\t<\/div>\n\t\t\t\t\t<\/div>\n\n\t\t\t\t\t<div class=\"lqd-af-slide__content w-100 pos-rel z-index-5\">\n\t\t\t\t\t\t\t\t\t\t\t\t\t<div class=\"lqd-af-slide__title-container d-inline-block pos-rel\">\n\t\t\t\t\t\t\t\t<svg class=\"lqd-af-slide__title-svg lqd-overlay\" height=\"100\" width=\"100\">\n\t\t\t\t\t\t\t\t\t<mask id=\"slide-b16c3a2\">\n\t\t\t\t\t\t\t\t\t\t<rect x=\"0\" y=\"0\" width=\"100%\" height=\"100%\" fill=\"#fff\" class=\"lqd-af-slide__mask-rect\" \/>\n\t\t\t\t\t\t\t\t\t\t<text dominant-baseline=\"middle\" x=\"0.35em\" y=\"55%\" class=\"lqd-af-slide__title lqd-af-slide__title-text\" fill=\"#000\">EMPIRE \u0130STANBUL<\/text>\n\t\t\t\t\t\t\t\t\t<\/mask>\n\t\t\t\t\t\t\t\t\t<rect width=\"100%\" height=\"100%\" class=\"lqd-af-slide__title-bg\" mask=\"url(#slide-b16c3a2)\" fill=\"currentColor\"\/>\n\t\t\t\t\t\t\t\t<\/svg>\n\t\t\t\t\t\t\t\t<h2 class=\"lqd-af-slide__title invisible ws-nowrap\">EMPIRE \u0130STANBUL<\/h2>\n\t\t\t\t\t\t\t<\/div>\n\t\t\t\t\t\t\t<p class=\"lqd-af-slide__desc pos-rel\">Empire \u0130stanbul'un benzersiz panaromik teras\u0131, g\u00fcn\u00fcn stresini atmak i\u00e7in m\u00fckemmel bir mekan sunar. Bu harika teras, sakinlerine e\u015fsiz bir deniz manzaras\u0131 sunuyor. G\u00fcn\u00fcn her saatinde buradabulunmak, ruhunuzu dinlendirmek ve huzur bulmak i\u00e7in m\u00fckemmel bir f\u0131rsatt\u0131r.<\/p>\t\t\t\t\t\t<div class=\"lqd-af-slide__link\">\n\t\t\t\t\t\t\t\t\t\t\t\t\t<\/div>\n\t\t\t\t\t\t<!-- for custom cursor arrow -->\n\t\t\t\t\t\t\t\t\t\t\t\t\t<a href=\"#\" class=\"lqd-overlay z-index-5\"><\/a>\n\t\t\t\t\t\t\t\t\t\t\t<\/div>\n\n\t\t\t\t\t\t\t\t\t\t\t<a href=\"#\" class=\"lqd-overlay z-index-4\"><\/a>\n\t\t\t\t\t\t\t\t\t\t\n\t\t\t\t<\/div>\n\t\t\t\t\n\t\t\t\t\t\t\t\t\n\t\t\t\t<div class=\"lqd-af-slide d-flex flex-column align-items-center justify-content-center lqd-overlay overflow-hidden elementor-repeater-item-9785e2e\">\n\t\t\n\t\t\t\t\t<div class=\"lqd-af-slide__img lqd-overlay overflow-hidden will-change-transform\">\n\t\t\t\t\t\t<div class=\"lqd-af-slide__img__inner w-100 h-100 overflow-hidden will-change-transform\">\n\t\t\t\t\t\t\t<figure class=\"w-100 h-100 overflow-hidden will-change-transform\"><img decoding=\"async\" class=\"w-100 h-100 objfit-cover objpos-center\" src=\"https:\/\/empire.com.tr\/wp-content\/uploads\/2023\/02\/EmpireBeylikduzu_010.jpg\" alt=\"EMPIRE BEYL\u0130KD\u00dcZ\u00dc\" \/><span class=\"lqd-overlay\"><\/span><\/figure>\t\t\t\t\t\t\t<span class=\"lqd-overlay\"><\/span>\n\t\t\t\t\t\t<\/div>\n\t\t\t\t\t<\/div>\n\n\t\t\t\t\t<div class=\"lqd-af-slide__content w-100 pos-rel z-index-5\">\n\t\t\t\t\t\t\t\t\t\t\t\t\t<div class=\"lqd-af-slide__title-container d-inline-block pos-rel\">\n\t\t\t\t\t\t\t\t<svg class=\"lqd-af-slide__title-svg lqd-overlay\" height=\"100\" width=\"100\">\n\t\t\t\t\t\t\t\t\t<mask id=\"slide-9785e2e\">\n\t\t\t\t\t\t\t\t\t\t<rect x=\"0\" y=\"0\" width=\"100%\" height=\"100%\" fill=\"#fff\" class=\"lqd-af-slide__mask-rect\" \/>\n\t\t\t\t\t\t\t\t\t\t<text dominant-baseline=\"middle\" x=\"0.35em\" y=\"55%\" class=\"lqd-af-slide__title lqd-af-slide__title-text\" fill=\"#000\">EMPIRE BEYL\u0130KD\u00dcZ\u00dc<\/text>\n\t\t\t\t\t\t\t\t\t<\/mask>\n\t\t\t\t\t\t\t\t\t<rect width=\"100%\" height=\"100%\" class=\"lqd-af-slide__title-bg\" mask=\"url(#slide-9785e2e)\" fill=\"currentColor\"\/>\n\t\t\t\t\t\t\t\t<\/svg>\n\t\t\t\t\t\t\t\t<h2 class=\"lqd-af-slide__title invisible ws-nowrap\">EMPIRE BEYL\u0130KD\u00dcZ\u00dc<\/h2>\n\t\t\t\t\t\t\t<\/div>\n\t\t\t\t\t\t\t<p class=\"lqd-af-slide__desc pos-rel\">Gelece\u011fin yeni mimari konsept anlay\u0131\u015f\u0131nda tasarlanan Empire Beylikd\u00fcz\u00fc\u2019n\u00fcn benzersiz g\u00f6rsel ihti\u015fam\u0131 ile \u015fehrin ikonu sizsiniz.<\/p>\t\t\t\t\t\t<div class=\"lqd-af-slide__link\">\n\t\t\t\t\t\t\t\t\t\t\t\t\t<\/div>\n\t\t\t\t\t\t<!-- for custom cursor arrow -->\n\t\t\t\t\t\t\t\t\t\t\t\t\t<a href=\"https:\/\/empire.com.tr\/empire-beylikduzu\" class=\"lqd-overlay z-index-5\"><\/a>\n\t\t\t\t\t\t\t\t\t\t\t<\/div>\n\n\t\t\t\t\t\t\t\t\t\t\t<a href=\"https:\/\/empire.com.tr\/empire-beylikduzu\" class=\"lqd-overlay z-index-4\"><\/a>\n\t\t\t\t\t\t\t\t\t\t\n\t\t\t\t<\/div>\n\t\t\t\t\n\t\t\t\t\t\t\t\t\n\t\t\t\t<div class=\"lqd-af-slide d-flex flex-column align-items-center justify-content-center lqd-overlay overflow-hidden elementor-repeater-item-3424096\">\n\t\t\n\t\t\t\t\t<div class=\"lqd-af-slide__img lqd-overlay overflow-hidden will-change-transform\">\n\t\t\t\t\t\t<div class=\"lqd-af-slide__img__inner w-100 h-100 overflow-hidden will-change-transform\">\n\t\t\t\t\t\t\t<figure class=\"w-100 h-100 overflow-hidden will-change-transform\"><img decoding=\"async\" class=\"w-100 h-100 objfit-cover objpos-center\" src=\"https:\/\/empire.com.tr\/wp-content\/uploads\/2022\/09\/4-3.jpg\" alt=\"EMPIRE SEA\" \/><span class=\"lqd-overlay\"><\/span><\/figure>\t\t\t\t\t\t\t<span class=\"lqd-overlay\"><\/span>\n\t\t\t\t\t\t<\/div>\n\t\t\t\t\t<\/div>\n\n\t\t\t\t\t<div class=\"lqd-af-slide__content w-100 pos-rel z-index-5\">\n\t\t\t\t\t\t\t\t\t\t\t\t\t<div class=\"lqd-af-slide__title-container d-inline-block pos-rel\">\n\t\t\t\t\t\t\t\t<svg class=\"lqd-af-slide__title-svg lqd-overlay\" height=\"100\" width=\"100\">\n\t\t\t\t\t\t\t\t\t<mask id=\"slide-3424096\">\n\t\t\t\t\t\t\t\t\t\t<rect x=\"0\" y=\"0\" width=\"100%\" height=\"100%\" fill=\"#fff\" class=\"lqd-af-slide__mask-rect\" \/>\n\t\t\t\t\t\t\t\t\t\t<text dominant-baseline=\"middle\" x=\"0.35em\" y=\"55%\" class=\"lqd-af-slide__title lqd-af-slide__title-text\" fill=\"#000\">EMPIRE SEA<\/text>\n\t\t\t\t\t\t\t\t\t<\/mask>\n\t\t\t\t\t\t\t\t\t<rect width=\"100%\" height=\"100%\" class=\"lqd-af-slide__title-bg\" mask=\"url(#slide-3424096)\" fill=\"currentColor\"\/>\n\t\t\t\t\t\t\t\t<\/svg>\n\t\t\t\t\t\t\t\t<h2 class=\"lqd-af-slide__title invisible ws-nowrap\">EMPIRE SEA<\/h2>\n\t\t\t\t\t\t\t<\/div>\n\t\t\t\t\t\t\t<p class=\"lqd-af-slide__desc pos-rel\">Konforunuz i\u00e7in geli\u015ftirilen, ya\u015fam\u0131n\u0131za huzur katan ferah i\u00e7 mekanlar, nezih kom\u015fular\u0131n\u0131z ile ger\u00e7ekle\u015ftice\u011finiz keyifli an\u0131lar\u0131 biriktirece\u011finiz hayat\u0131n en de\u011ferli zamanlar\u0131n\u0131 dolu dolu ya\u015fay\u0131n. <\/p>\t\t\t\t\t\t<div class=\"lqd-af-slide__link\">\n\t\t\t\t\t\t\t\t\t\t\t\t\t<\/div>\n\t\t\t\t\t\t<!-- for custom cursor arrow -->\n\t\t\t\t\t\t\t\t\t\t\t\t\t<a href=\"https:\/\/empire.com.tr\/seaproject\/\" class=\"lqd-overlay z-index-5\"><\/a>\n\t\t\t\t\t\t\t\t\t\t\t<\/div>\n\n\t\t\t\t\t\t\t\t\t\t\t<a href=\"https:\/\/empire.com.tr\/seaproject\/\" class=\"lqd-overlay z-index-4\"><\/a>\n\t\t\t\t\t\t\t\t\t\t\n\t\t\t\t<\/div>\n\t\t\t\t\n\t\t\t\t\t\t\t\t\n\t\t\t\t<div class=\"lqd-af-slide d-flex flex-column align-items-center justify-content-center lqd-overlay overflow-hidden elementor-repeater-item-b18054d\">\n\t\t\n\t\t\t\t\t<div class=\"lqd-af-slide__img lqd-overlay overflow-hidden will-change-transform\">\n\t\t\t\t\t\t<div class=\"lqd-af-slide__img__inner w-100 h-100 overflow-hidden will-change-transform\">\n\t\t\t\t\t\t\t<figure class=\"w-100 h-100 overflow-hidden will-change-transform\"><img decoding=\"async\" class=\"w-100 h-100 objfit-cover objpos-center\" src=\"https:\/\/empire.com.tr\/wp-content\/uploads\/2022\/12\/EMPIRE-PARADISE_011.jpg\" alt=\"EMPIRE PARADISE\" \/><span class=\"lqd-overlay\"><\/span><\/figure>\t\t\t\t\t\t\t<span class=\"lqd-overlay\"><\/span>\n\t\t\t\t\t\t<\/div>\n\t\t\t\t\t<\/div>\n\n\t\t\t\t\t<div class=\"lqd-af-slide__content w-100 pos-rel z-index-5\">\n\t\t\t\t\t\t\t\t\t\t\t\t\t<div class=\"lqd-af-slide__title-container d-inline-block pos-rel\">\n\t\t\t\t\t\t\t\t<svg class=\"lqd-af-slide__title-svg lqd-overlay\" height=\"100\" width=\"100\">\n\t\t\t\t\t\t\t\t\t<mask id=\"slide-b18054d\">\n\t\t\t\t\t\t\t\t\t\t<rect x=\"0\" y=\"0\" width=\"100%\" height=\"100%\" fill=\"#fff\" class=\"lqd-af-slide__mask-rect\" \/>\n\t\t\t\t\t\t\t\t\t\t<text dominant-baseline=\"middle\" x=\"0.35em\" y=\"55%\" class=\"lqd-af-slide__title lqd-af-slide__title-text\" fill=\"#000\">EMPIRE PARADISE<\/text>\n\t\t\t\t\t\t\t\t\t<\/mask>\n\t\t\t\t\t\t\t\t\t<rect width=\"100%\" height=\"100%\" class=\"lqd-af-slide__title-bg\" mask=\"url(#slide-b18054d)\" fill=\"currentColor\"\/>\n\t\t\t\t\t\t\t\t<\/svg>\n\t\t\t\t\t\t\t\t<h2 class=\"lqd-af-slide__title invisible ws-nowrap\">EMPIRE PARADISE<\/h2>\n\t\t\t\t\t\t\t<\/div>\n\t\t\t\t\t\t\t<p class=\"lqd-af-slide__desc pos-rel\">Empire A.\u015e g\u00fcvencesiyle geni\u015f aileler ve \u00e7ocuklar\u0131 d\u00fc\u015f\u00fcnerek tasarlanan Empire Paradise,  ye\u015fil alan ve daire \u00e7e\u015fitlili\u011fi ile \u00f6ne \u00e7\u0131k\u0131yor. Projede 2+1, 3+1 terasl\u0131, 3+1 dubleks daireler yer al\u0131yor.<\/p>\t\t\t\t\t\t<div class=\"lqd-af-slide__link\">\n\t\t\t\t\t\t\t\t\t\t\t\t\t<\/div>\n\t\t\t\t\t\t<!-- for custom cursor arrow -->\n\t\t\t\t\t\t\t\t\t\t\t\t\t<a href=\"https:\/\/empire.com.tr\/empire-paradise\/\" class=\"lqd-overlay z-index-5\"><\/a>\n\t\t\t\t\t\t\t\t\t\t\t<\/div>\n\n\t\t\t\t\t\t\t\t\t\t\t<a href=\"https:\/\/empire.com.tr\/empire-paradise\/\" class=\"lqd-overlay z-index-4\"><\/a>\n\t\t\t\t\t\t\t\t\t\t\n\t\t\t\t<\/div>\n\t\t\t\t\n\t\t\t\t\t\t\t\t\n\t\t\t\t<div class=\"lqd-af-slide d-flex flex-column align-items-center justify-content-center lqd-overlay overflow-hidden elementor-repeater-item-4953892\">\n\t\t\n\t\t\t\t\t<div class=\"lqd-af-slide__img lqd-overlay overflow-hidden will-change-transform\">\n\t\t\t\t\t\t<div class=\"lqd-af-slide__img__inner w-100 h-100 overflow-hidden will-change-transform\">\n\t\t\t\t\t\t\t<figure class=\"w-100 h-100 overflow-hidden will-change-transform\"><img decoding=\"async\" class=\"w-100 h-100 objfit-cover objpos-center\" src=\"https:\/\/empire.com.tr\/wp-content\/uploads\/2023\/08\/WhatsApp-Image-2020-09-22-at-15.55.02-2.jpeg\" alt=\"EMPIRE AVCILAR\" \/><span class=\"lqd-overlay\"><\/span><\/figure>\t\t\t\t\t\t\t<span class=\"lqd-overlay\"><\/span>\n\t\t\t\t\t\t<\/div>\n\t\t\t\t\t<\/div>\n\n\t\t\t\t\t<div class=\"lqd-af-slide__content w-100 pos-rel z-index-5\">\n\t\t\t\t\t\t\t\t\t\t\t\t\t<div class=\"lqd-af-slide__title-container d-inline-block pos-rel\">\n\t\t\t\t\t\t\t\t<svg class=\"lqd-af-slide__title-svg lqd-overlay\" height=\"100\" width=\"100\">\n\t\t\t\t\t\t\t\t\t<mask id=\"slide-4953892\">\n\t\t\t\t\t\t\t\t\t\t<rect x=\"0\" y=\"0\" width=\"100%\" height=\"100%\" fill=\"#fff\" class=\"lqd-af-slide__mask-rect\" \/>\n\t\t\t\t\t\t\t\t\t\t<text dominant-baseline=\"middle\" x=\"0.35em\" y=\"55%\" class=\"lqd-af-slide__title lqd-af-slide__title-text\" fill=\"#000\">EMPIRE AVCILAR<\/text>\n\t\t\t\t\t\t\t\t\t<\/mask>\n\t\t\t\t\t\t\t\t\t<rect width=\"100%\" height=\"100%\" class=\"lqd-af-slide__title-bg\" mask=\"url(#slide-4953892)\" fill=\"currentColor\"\/>\n\t\t\t\t\t\t\t\t<\/svg>\n\t\t\t\t\t\t\t\t<h2 class=\"lqd-af-slide__title invisible ws-nowrap\">EMPIRE AVCILAR<\/h2>\n\t\t\t\t\t\t\t<\/div>\n\t\t\t\t\t\t\t<p class=\"lqd-af-slide__desc pos-rel\">Empire Residence, Avc\u0131lar'\u0131n g\u00f6zde projelerinden biri olarak \u015fehir ya\u015fam\u0131n\u0131 l\u00fcks ve konforla birle\u015ftiriyor. Bu \u00f6zel proje, \u015fehir ve g\u00f6l manzaral\u0131 1+1, 2+1 ve 3+1 daire se\u00e7enekleri ile her t\u00fcrl\u00fc ya\u015fam tarz\u0131na hitap ediyor. <\/p>\t\t\t\t\t\t<div class=\"lqd-af-slide__link\">\n\t\t\t\t\t\t\t\t\t\t\t\t\t<\/div>\n\t\t\t\t\t\t<!-- for custom cursor arrow -->\n\t\t\t\t\t\t\t\t\t\t\t\t\t<a href=\"#\" class=\"lqd-overlay z-index-5\"><\/a>\n\t\t\t\t\t\t\t\t\t\t\t<\/div>\n\n\t\t\t\t\t\t\t\t\t\t\t<a href=\"#\" class=\"lqd-overlay z-index-4\"><\/a>\n\t\t\t\t\t\t\t\t\t\t\n\t\t\t\t<\/div>\n\t\t\t\t\n\t\t\t\t\t\t\t<\/div>\n\t\t\t\n\t\t\t<nav class=\"lqd-af-slidenav d-inline-flex pos-abs z-index-5 text-center\">\n\t\t\t\t<button class=\"lqd-af-slidenav__item lqd-af-slidenav__item--prev d-inline-flex align-items-center justify-content-center pos-rel\">\n\t\t\t\t\t<svg xmlns=\"http:\/\/www.w3.org\/2000\/svg\" width=\"21\" height=\"32\" viewBox=\"0 0 21 32\" style=\"width: 1em; height: 1em;\"><path d=\"M10.5 18.375l7.938-7.938c.562-.562 1.562-.562 2.125 0s.562 1.563 0 2.126l-9 9c-.563.562-1.5.625-2.063.062L.437 12.562C.126 12.25 0 11.876 0 11.5s.125-.75.438-1.063c.562-.562 1.562-.562 2.124 0z\" fill=\"currentColor\"><\/path><\/svg>\n\t\t\t\t<\/button>\n\t\t\t\t<button class=\"lqd-af-slidenav__item lqd-af-slidenav__item--next d-inline-flex align-items-center justify-content-center pos-rel\">\n\t\t\t\t\t<svg xmlns=\"http:\/\/www.w3.org\/2000\/svg\" width=\"21\" height=\"32\" viewBox=\"0 0 21 32\" style=\"width: 1em; height: 1em;\"><path d=\"M10.5 13.625l-7.938 7.938c-.562.562-1.562.562-2.124 0C.124 21.25 0 20.875 0 20.5s.125-.75.438-1.063L9.5 10.376c.563-.563 1.5-.5 2.063.063l9 9c.562.562.562 1.562 0 2.125s-1.563.562-2.125 0z\" fill=\"currentColor\"><\/path><\/svg>\n\t\t\t\t<\/button>\n\t\t\t<\/nav>\n\n\t\t\t<div class=\"lqd-af-slidenum pos-abs\">\n\t\t\t\t<span class=\"lqd-af-slidenum__line lqd-af-slidenum__line--before d-inline-flex align-items-center\"><\/span>\n\t\t\t\t<div class=\"lqd-af-slidenum__nums d-flex align-items-center\">\n\t\t\t\t\t<span class=\"lqd-af-slidenum__current d-inline-flex align-items-center pos-rel overflow-hidden\">\n\t\t\t\t\t\t<span class=\"pos-abs pos-tl\">\n\t\t\t\t\t\t\t\t\t\t\t\t\t\t\t<span class=\"d-flex align-items-center justify-content-center\">1<\/span>\n\t\t\t\t\t\t\t\t\t\t\t\t\t\t\t<span class=\"d-flex align-items-center justify-content-center\">2<\/span>\n\t\t\t\t\t\t\t\t\t\t\t\t\t\t\t<span class=\"d-flex align-items-center justify-content-center\">3<\/span>\n\t\t\t\t\t\t\t\t\t\t\t\t\t\t\t<span class=\"d-flex align-items-center justify-content-center\">4<\/span>\n\t\t\t\t\t\t\t\t\t\t\t\t\t\t\t<span class=\"d-flex align-items-center justify-content-center\">5<\/span>\n\t\t\t\t\t\t\t\t\t\t\t\t\t<\/span>\n\t\t\t\t\t<\/span>\n\t\t\t\t\t<span class=\"lqd-af-slidenum__total\">5<\/span>\n\t\t\t\t<\/div>\n\t\t\t\t<span class=\"lqd-af-slidenum__line lqd-af-slidenum__line--after d-inline-flex align-items-center\"><\/span>\n\t\t\t<\/div>\n\n\t\t<\/div>\n\n\t\t\t\t<\/div>\n\t\t\t\t<\/div>\n\t\t\t\t\t<\/div>\n\t\t<\/div>\n\t\t\t\t\t\t\t<\/div>\n\t\t<\/section>\n\t\t\t\t\t\t\t<\/div>\n\t\t","protected":false},"excerpt":{"rendered":"<p>EMPIRE \u0130STANBUL EMPIRE \u0130STANBUL Empire \u0130stanbul&#8217;un benzersiz panaromik teras\u0131, g\u00fcn\u00fcn stresini atmak i\u00e7in m\u00fckemmel bir mekan sunar. Bu harika teras, sakinlerine e\u015fsiz bir deniz manzaras\u0131 sunuyor. G\u00fcn\u00fcn her saatinde buradabulunmak, ruhunuzu dinlendirmek ve huzur bulmak i\u00e7in m\u00fckemmel bir f\u0131rsatt\u0131r. EMPIRE BEYL\u0130KD\u00dcZ\u00dc EMPIRE BEYL\u0130KD\u00dcZ\u00dc Gelece\u011fin yeni mimari konsept anlay\u0131\u015f\u0131nda tasarlanan Empire Beylikd\u00fcz\u00fc\u2019n\u00fcn benzersiz g\u00f6rsel ihti\u015fam\u0131 ile [&hellip;]<\/p>\n","protected":false},"author":1,"featured_media":0,"parent":0,"menu_order":0,"comment_status":"closed","ping_status":"closed","template":"","meta":{"footnotes":""},"class_list":["post-8031","page","type-page","status-publish","hentry"],"_links":{"self":[{"href":"https:\/\/empire.com.tr\/wp-json\/wp\/v2\/pages\/8031","targetHints":{"allow":["GET"]}}],"collection":[{"href":"https:\/\/empire.com.tr\/wp-json\/wp\/v2\/pages"}],"about":[{"href":"https:\/\/empire.com.tr\/wp-json\/wp\/v2\/types\/page"}],"author":[{"embeddable":true,"href":"https:\/\/empire.com.tr\/wp-json\/wp\/v2\/users\/1"}],"replies":[{"embeddable":true,"href":"https:\/\/empire.com.tr\/wp-json\/wp\/v2\/comments?post=8031"}],"version-history":[{"count":60,"href":"https:\/\/empire.com.tr\/wp-json\/wp\/v2\/pages\/8031\/revisions"}],"predecessor-version":[{"id":8735,"href":"https:\/\/empire.com.tr\/wp-json\/wp\/v2\/pages\/8031\/revisions\/8735"}],"wp:attachment":[{"href":"https:\/\/empire.com.tr\/wp-json\/wp\/v2\/media?parent=8031"}],"curies":[{"name":"wp","href":"https:\/\/api.w.org\/{rel}","templated":true}]}}